{"id":312,"date":"2018-10-27T17:49:47","date_gmt":"2018-10-27T14:49:47","guid":{"rendered":"https:\/\/www.bizpro.lv\/?page_id=312"},"modified":"2018-10-27T18:54:04","modified_gmt":"2018-10-27T15:54:04","slug":"sikdatnu-noteikumi","status":"publish","type":"page","link":"https:\/\/www.bizpro.lv\/en\/sikdatnu-noteikumi\/","title":{"rendered":"S\u012bkdat\u0146u noteikumi"},"content":{"rendered":"<p><strong>S\u012bkdat\u0146u izmanto\u0161anas noteikumi Bizpro interneta vietn\u0113<\/strong><br \/>\nS\u012bkdat\u0146u izmanto\u0161anas noteikumos Bizpro interneta vietn\u0113s (turpm\u0101k &#8211; dokuments) ir aprakst\u012bta s\u012bkdat\u0146u izmanto\u0161ana Bizpro (SIA Bizpro, vienot\u0101s re\u0123istr\u0101cijas numurs: 40003623782, juridisk\u0101 adrese: Liel\u0101 iela 37-46, M\u0101rupe, M\u0101rupes novads, LV-2167) m\u0101jaslap\u0101s, taj\u0101 skait\u0101, bizpro.lv, un cit\u0101s Bizpro interneta vietn\u0113s (turpm\u0101k &#8211; Bizpro vietnes vai m\u0101jaslapas), nor\u0101d\u012bti s\u012bkdat\u0146u lieto\u0161anas nol\u016bki, k\u0101 ar\u012b lietot\u0101ju ties\u012bbas main\u012bt un izv\u0113l\u0113ties s\u012bkdat\u0146u lieto\u0161anu atbilsto\u0161i sav\u0101m vajadz\u012bb\u0101m.<br \/>\n<strong>Kas ir s\u012bkdatnes?<\/strong><br \/>\nS\u012bkdatnes ir mazas teksta datnes, kuras t\u012bmek\u013ca p\u0101rl\u016bkprogramma (piem\u0113ram, Internet Explorer, Microsoft Edge, Mozilla Firefox, Safari u.c.) saglab\u0101 lietot\u0101ja galiek\u0101rt\u0101 (dator\u0101, mobilaj\u0101 t\u0101lrun\u012b, plan\u0161et\u0113) br\u012bd\u012b, kad lietot\u0101js apmekl\u0113 t\u012bmek\u013ca vietni, lai identific\u0113tu p\u0101rl\u016bkprogrammu vai p\u0101rl\u016bkprogramm\u0101 saglab\u0101tu inform\u0101ciju vai iestat\u012bjumus.<br \/>\nT\u0101d\u0113j\u0101di ar s\u012bkdat\u0146u pal\u012bdz\u012bbu t\u012bmek\u013ca vietne ieg\u016bst sp\u0113ju saglab\u0101t lietot\u0101ja individu\u0101los iestat\u012bjumus, atpaz\u012bt vi\u0146u un atbilsto\u0161i rea\u0123\u0113t, ar m\u0113r\u0137i uzlabot vietnes lieto\u0161anas pieredzi.<br \/>\nLietot\u0101js var atsp\u0113jot vai ierobe\u017eot s\u012bkdat\u0146u izmanto\u0161anu, ta\u010du bez s\u012bkdatn\u0113m neb\u016bs iesp\u0113jams pilnv\u0113rt\u012bgi izmantot visas viet\u0146u funkcijas.<br \/>\nAtkar\u012bb\u0101 no veicamaj\u0101m funkcij\u0101m un izmanto\u0161anas m\u0113r\u0137a, Bizpro var izmantot oblig\u0101t\u0101s, funkcion\u0101l\u0101s, anal\u012btisk\u0101s un m\u0113r\u0137\u0113\u0161anas (rekl\u0101mas) s\u012bkdatnes.<br \/>\n<strong>Oblig\u0101t\u0101s s\u012bkdatnes<\/strong><br \/>\n\u0160\u012bs s\u012bkdatnes nepiecie\u0161amas, lai lietot\u0101js var\u0113tu br\u012bvi apmekl\u0113t un p\u0101rl\u016bkot t\u012bmek\u013ca vietni un izmantot t\u0101s pied\u0101v\u0101t\u0101s iesp\u0113jas, taj\u0101 skait\u0101 ieg\u016bt inform\u0101ciju par pakalpojumiem un ieg\u0101d\u0101ties tos. \u0160\u012bs s\u012bkdatnes identific\u0113 lietot\u0101ja iek\u0101rtu, ta\u010du neizpau\u017e lietot\u0101ja identit\u0101ti, k\u0101 ar\u012b t\u0101s nev\u0101c un neapkopo inform\u0101ciju. Bez \u0161\u012bm s\u012bkdatn\u0113m t\u012bmek\u013ca vietne nevar\u0113s pilnv\u0113rt\u012bgi darboties, piem\u0113ram, sniegt lietot\u0101jam nepiecie\u0161amo inform\u0101ciju, nodro\u0161in\u0101t piepras\u012btos pakalpojumus, piesl\u0113g\u0161anos profilam vai pakalpojuma pieteik\u0161anu.<br \/>\n\u0160\u012bs s\u012bkdatnes tiek glab\u0101tas lietot\u0101ja iek\u0101rt\u0101 l\u012bdz br\u012bdim, kad tiek aizv\u0113rta t\u012bmek\u013ca p\u0101rl\u016bkprogramma.<br \/>\n<strong>Funkcion\u0101l\u0101s s\u012bkdatnes<\/strong><br \/>\nAr funkcion\u0101laj\u0101m s\u012bkdatn\u0113m vietne atceras lietot\u0101ja izv\u0113l\u0113tos uzst\u0101d\u012bjumus un veikt\u0101s izv\u0113les, lai lietot\u0101js var\u0113tu \u0113rt\u0101k lietot vietni. \u0160\u012bs s\u012bkdatnes glab\u0101jas lietot\u0101ja iek\u0101rt\u0101 past\u0101v\u012bgi.<br \/>\n<strong>Anal\u012btisk\u0101s s\u012bkdatnes<\/strong><br \/>\nAnal\u012btisk\u0101s s\u012bkdatnes apkopo inform\u0101ciju par to, k\u0101 lietot\u0101js lieto t\u012bmek\u013ca vietni, konstat\u0113 bie\u017e\u0101k apmekl\u0113t\u0101s sada\u013cas, ieskaitot saturu, kuru lietot\u0101js izv\u0113las, p\u0101rl\u016bkojot vietni.<br \/>\nInform\u0101cija tiek lietota anal\u012bzes nol\u016bkos, lai noskaidrotu, kas interes\u0113 vietnes lietot\u0101jus, un var\u0113tu uzlabot vietnes funkcionalit\u0101ti, padarot to \u0113rt\u0101k lietojamu. Anal\u012btisk\u0101s s\u012bkdatnes identific\u0113 tikai lietot\u0101ja iek\u0101rtu, ta\u010du neizpau\u017e lietot\u0101ja identit\u0101ti.<br \/>\nAtsevi\u0161\u0137os gad\u012bjumos da\u017eas no anal\u012btiskaj\u0101m s\u012bkdatn\u0113m vietnes \u012bpa\u0161nieka viet\u0101, saska\u0146\u0101 ar t\u0101 nor\u0101d\u012bjumiem un tikai atbilsto\u0161i nor\u0101d\u012btajiem m\u0113r\u0137iem, p\u0101rvalda tre\u0161\u0101s personas &#8211; datu apstr\u0101d\u0101t\u0101ji (operatori), piem\u0113ram, Google Inc.<br \/>\n<strong>M\u0113r\u0137a (rekl\u0101mas) s\u012bkdatnes<\/strong><br \/>\nM\u0113r\u0137a (rekl\u0101mas) s\u012bkdatnes izmanto, lai apkopotu inform\u0101ciju par lietot\u0101ja apmekl\u0113taj\u0101m t\u012bmek\u013ca vietn\u0113m un pied\u0101v\u0101tu tie\u0161i konkr\u0113tam lietot\u0101jam interes\u0113jo\u0161us Bizpro vai sadarb\u012bbas partneru pakalpojumus vai adres\u0113tu konkr\u0113t\u0101 lietot\u0101ja izr\u0101d\u012btajai interesei atbilsto\u0161us pied\u0101v\u0101jumus.<br \/>\nParasti \u0161\u012bs s\u012bkdatnes ar vietnes \u012bpa\u0161nieka at\u013cauju atbilsto\u0161i nor\u0101d\u012btajiem m\u0113r\u0137iem izvieto tre\u0161\u0101s personas, piem\u0113ram, Google Adwords.<br \/>\nM\u0113r\u0137a s\u012bkdatnes lietot\u0101ja galiek\u0101rt\u0101 tiek uzglab\u0101tas past\u0101v\u012bgi.<br \/>\n<strong>K\u0101diem m\u0113r\u0137iem (nol\u016bkiem) Bizpro izmanto s\u012bkdatnes?<\/strong><br \/>\nBizpro izmanto s\u012bkdatnes, lai uzlabotu viet\u0146u un m\u0101jaslapu lieto\u0161anas pieredzi:<br \/>\n\u2022 nodro\u0161in\u0101tu m\u0101jaslapas funkcionalit\u0101ti;<br \/>\n\u2022 piel\u0101gotu m\u0101jaslapas funkcionalit\u0101ti lietot\u0101ja lieto\u0161anas paradumiem &#8211; tai skait\u0101 valodai, mekl\u0113\u0161anas piepras\u012bjumiem, iepriek\u0161 apskat\u012btajam saturam;<br \/>\n\u2022 ieg\u016btu statistikas datus par lapas apmekl\u0113t\u0101ju pl\u016bsmu &#8211; apmekl\u0113t\u0101ju skaitu, lap\u0101 pavad\u012bto laiku u.c..<br \/>\nBizpro neizmanto m\u0113r\u0137a (rekl\u0101mas) s\u012bkdatnes.<br \/>\n<strong>Cik ilgi tiek glab\u0101tas s\u012bkdatnes?<\/strong><br \/>\nJa nav noteikts cit\u0101di, s\u012bkdatnes tiek glab\u0101tas, kam\u0113r tiek izpild\u012bta darb\u012bba, k\u0101dam nol\u016bkam t\u0101s v\u0101ktas, un p\u0113c tam t\u0101s tiek dz\u0113stas.<br \/>\nS\u012bkdat\u0146u inform\u0101cija netiek nodota apstr\u0101dei \u0101rpus Eiropas Savien\u012bbas un EEZ.<br \/>\n<strong>S\u012bkdat\u0146u apstiprin\u0101\u0161ana un atsp\u0113jo\u0161ana<\/strong><br \/>\nApmekl\u0113jot Bizpro vietnes un m\u0101jaslapas, lietot\u0101jam tiek att\u0113lots logs ar zi\u0146ojumu par to, ka t\u012bmek\u013ca vietn\u0113 tiek izmantotas s\u012bkdatnes.<br \/>\nAizverot \u0161o zi\u0146ojuma logu, lietot\u0101js apstiprina, ka ir iepazinies ar inform\u0101ciju par s\u012bkdatn\u0113m, to izmanto\u0161anas nol\u016bkiem, gad\u012bjumiem, kad to inform\u0101cija tiek nodota tre\u0161ajai personai, un tiem piekr\u012bt. Attiec\u012bgi, s\u012bkdat\u0146u izmanto\u0161anas tiesiskais pamats ir lietot\u0101ja piekri\u0161ana. Ja izmantojot vietni vai m\u0101jaslapu lietot\u0101js nosl\u0113dz l\u012bgumu &#8211; s\u012bkdat\u0146u apstr\u0101de vajadz\u012bga l\u012bguma izpildei, kas nosl\u0113gts ar lietot\u0101ju vai, lai Bizpro izpild\u012btu savu likumisku pien\u0101kumu vai \u012bstenotu le\u0123it\u012bmas intereses.<br \/>\nIkvienas t\u012bmek\u013ca p\u0101rl\u016bkprogrammas dro\u0161\u012bbas iestat\u012bjumos iesp\u0113jama s\u012bkdat\u0146u ierobe\u017eo\u0161ana un dz\u0113\u0161ana. Tom\u0113r j\u0101\u0146em v\u0113r\u0101, ka nevar atteikties no oblig\u0101to un funkcion\u0101lo s\u012bkdat\u0146u lieto\u0161anas, jo bez t\u0101m vietnes un m\u0101jaslapas pilnv\u0113rt\u012bgas lieto\u0161anas nodro\u0161in\u0101\u0161ana nav iesp\u0113jama.<br \/>\n<strong>Kontaktinform\u0101cija<\/strong><br \/>\nJa lietot\u0101jam ir radies jaut\u0101jums par s\u012bkdat\u0146u izmanto\u0161anu, vi\u0146\u0161 var sazin\u0101ties ar SIA Bizpro, izmantojot \u0161\u0101du kontaktinform\u0101ciju: &#105;n&#x66;o&#x40;b&#x69;z&#x70;r&#x6f;&#46;&#x6c;&#118;.<\/p>\n","protected":false},"excerpt":{"rendered":"<p>S\u012bkdat\u0146u izmanto\u0161anas noteikumi Bizpro interneta vietn\u0113 S\u012bkdat\u0146u izmanto\u0161anas noteikumos Bizpro interneta vietn\u0113s (turpm\u0101k &#8211; dokuments) ir aprakst\u012bta s\u012bkdat\u0146u izmanto\u0161ana Bizpro (SIA Bizpro, vienot\u0101s re\u0123istr\u0101cijas numurs: 40003623782, juridisk\u0101 adrese: Liel\u0101 iela 37-46, M\u0101rupe, M\u0101rupes novads, LV-2167) m\u0101jaslap\u0101s, taj\u0101 skait\u0101, bizpro.lv, un<a class=\"more-link\" href=\"https:\/\/www.bizpro.lv\/en\/sikdatnu-noteikumi\/\" title=\"S\u012bkdat\u0146u noteikumi\"><span>Read more<\/span><\/a><\/p>\n","protected":false},"author":1,"featured_media":0,"parent":0,"menu_order":0,"comment_status":"closed","ping_status":"closed","template":"","meta":[],"translation":{"provider":"WPGlobus","version":"3.0.1","language":"en","enabled_languages":["lv","en"],"languages":{"lv":{"title":true,"content":true,"excerpt":false},"en":{"title":false,"content":false,"excerpt":false}}},"_links":{"self":[{"href":"https:\/\/www.bizpro.lv\/en\/wp-json\/wp\/v2\/pages\/312"}],"collection":[{"href":"https:\/\/www.bizpro.lv\/en\/wp-json\/wp\/v2\/pages"}],"about":[{"href":"https:\/\/www.bizpro.lv\/en\/wp-json\/wp\/v2\/types\/page"}],"author":[{"embeddable":true,"href":"https:\/\/www.bizpro.lv\/en\/wp-json\/wp\/v2\/users\/1"}],"replies":[{"embeddable":true,"href":"https:\/\/www.bizpro.lv\/en\/wp-json\/wp\/v2\/comments?post=312"}],"version-history":[{"count":2,"href":"https:\/\/www.bizpro.lv\/en\/wp-json\/wp\/v2\/pages\/312\/revisions"}],"predecessor-version":[{"id":325,"href":"https:\/\/www.bizpro.lv\/en\/wp-json\/wp\/v2\/pages\/312\/revisions\/325"}],"wp:attachment":[{"href":"https:\/\/www.bizpro.lv\/en\/wp-json\/wp\/v2\/media?parent=312"}],"curies":[{"name":"wp","href":"https:\/\/api.w.org\/{rel}","templated":true}]}}