{"id":33,"date":"2015-10-17T09:42:39","date_gmt":"2015-10-17T09:42:39","guid":{"rendered":"http:\/\/www.bizpro.lv\/?page_id=33"},"modified":"2025-01-16T15:21:30","modified_gmt":"2025-01-16T13:21:30","slug":"klienti","status":"publish","type":"page","link":"https:\/\/www.bizpro.lv\/en\/klienti\/","title":{"rendered":"Clients"},"content":{"rendered":"<div class='content-column one_half'><div style=\"padding-right:20px;\"><strong>Public sector clients: <\/ strong><\/strong><\/p>\n<p>Latvian School of Public Administration<br \/>\nMinistry of Transport<br \/>\nState Chancellery<br \/>\nMinistry of Environmental Protection and Regional Development<br \/>\nMinistry of Agriculture<br \/>\nAizpute County Council<br \/>\n\u0100da\u017ei County Council<br \/>\nCarnikava District Municipality<br \/>\nDaugavpils City Council<br \/>\nDobele District Municipality<br \/>\nGrobina District Council<br \/>\nINTERREG Estonia-Latvia Joint Secretariat<br \/>\nInvestment and Development Agency of Latvia<br \/>\nJelgava City Council<br \/>\nJekabpils City Municipality<br \/>\nJurmala City Council<br \/>\nKuldiga District Municipality<br \/>\nKuldiga Development Agency<br \/>\nKurzeme Planning Region<br \/>\nMarupe Region Council<br \/>\nRiga City Council<br \/>\nRiga Technical University<br \/>\nStende City Council<br \/>\nTalsi District Municipality<br \/>\nVentspils Free Port Authority<br \/>\nVentspils City agency &#8220;Municipal Services&#8221;<br \/>\nMunicipal enterprise &#8220;Aizputes komun\u0101lais uz\u0146\u0113mums&#8221;<br \/>\nMunicipal enterprise &#8220;Broc\u0113nu siltums&#8221;<br \/>\nMunicipal enterprise &#8220;Grobina namserviss&#8221;<br \/>\nMunicipal enterprise &#8220;Islice Water&#8221;<br \/>\nMunicipal enterprise &#8220;Jurmala Water&#8221;<br \/>\nMunicipal enterprise &#8220;Ventspils Real Estate&#8221;<br \/>\nMunicipal enterprise &#8220;Ventspils Reiss&#8221;<br \/>\nJSC &#8220;Pasa\u017eieru vilciens&#8221;<br \/>\nState Enterprise &#8220;Road Traffic Safety Directorate (CSDD)&#8221;<br \/>\nState Enterprise &#8220;Electronic Communications&#8221;<br \/>\nMortgage and Land Bank of Latvia<br \/>\nPauls Stradins Clinical University Hospital<br \/>\nElectronics and Computer Science Institute<\/p><\/div><\/div>\n<div class='content-column one_half last_column'><div style=\"padding-right:20px;\"><p><strong> Private sector clients:<\/strong><\/p>\n<p>Association &#8220;Lidere&#8221; (non-governmental organization)<br \/>\nFederation of Latvian Food Companies (non-governmental organization)<br \/>\nSIA &#8220;AISIS&#8221; (stainless steel products)<br \/>\nSIA &#8220;Aspiros&#8221; (ventilation accessories)<br \/>\nSIA &#8220;Baker Tilly Baltics&#8221; (accounting, audit and tax consulting services)<br \/>\nBDA Consulting OU (Estonia, consulting services)<br \/>\nSIA &#8220;BR Fabrika&#8221; (food processing)<br \/>\nSIA &#8220;Datorkarte&#8221; (digital geographic databases and maps)<br \/>\nSIA &#8220;Domuss&#8221; \/ NCH (real estate development)<br \/>\nSIA &#8220;European Union Project Agency&#8221; (consulting services)<br \/>\nSIA &#8220;Elipse BLC&#8221; (business and logistics center)<br \/>\nEmerging Solutions Ltd (consulting services)<br \/>\nSIA &#8220;ENMAR&#8221; (catamaran production)<br \/>\nEuromost Polska Sp. z o.o (Poland; consultancy services)<br \/>\nSIA &#8220;Financial Bridge Company&#8221; (consulting services)<br \/>\nSIA &#8220;Friteks&#8221; (refrigeration and ventilation equipment)<br \/>\nSIA &#8220;Grants &#038; Ko&#8221; (processing of fish products)<br \/>\nSIA Green Industry Innovation Center (Green Technology Incubator)<br \/>\nSIA &#8220;Grupa93&#8221; (consulting services)<br \/>\nHalcrow Group Ltd (UK; consulting services)<br \/>\nSIA \u201eIecavnieks &#038; Co\u201d (food processing)<br \/>\nSIA &#8220;Infrades&#8221; (consulting services)<br \/>\nIzoteps Ltd. (production of heat insulation materials)<br \/>\nSIA &#8220;Jelgavas tipogr\u0101fija&#8221; (printing services)<br \/>\nSIA &#8220;Jekabpils PMK&#8221; (construction and production of building products)<br \/>\nSIA &#8220;JZ&#8221; (consulting services)<br \/>\nLivo Group Ltd (Georgia; retail sale of consumer goods)<br \/>\nSIA &#8220;Master Sales&#8221; (seminars and conferences)<br \/>\nSIA &#8220;NK Konsult\u0101cijas&#8221; (consulting services)<br \/>\nAS Nordea Bank AB (Credit Institution)<br \/>\nSIA &#8220;Phoenix Baltic&#8221; (training of aviation pilots)<br \/>\nSIA &#8220;PPBB&#8221; (production of plastic packaging)<br \/>\nSIA &#8220;Reminne AB&#8221; (career development)<br \/>\nSIA &#8220;Salas Zivis&#8221; (processing of fish products)<br \/>\nSIA &#8220;SAFEGE Baltija&#8221; (consulting services)<br \/>\nSIA &#8220;Sanders Abrasives&#8221; (manufacture of abrasive materials)<br \/>\nSIA &#8220;Siguldas sald\u0113jums&#8221; (food processing)<br \/>\nSIA &#8220;Teliks Grupa&#8221; (production and wholesale of packaging)<br \/>\nSIA &#8220;VK Serviss&#8221; (food processing)<\/p><\/div><\/div><div class='clear_column'><\/div>\n","protected":false},"excerpt":{"rendered":"","protected":false},"author":1,"featured_media":0,"parent":0,"menu_order":0,"comment_status":"closed","ping_status":"closed","template":"","meta":[],"translation":{"provider":"WPGlobus","version":"3.0.1","language":"en","enabled_languages":["lv","en"],"languages":{"lv":{"title":true,"content":true,"excerpt":false},"en":{"title":true,"content":true,"excerpt":false}}},"_links":{"self":[{"href":"https:\/\/www.bizpro.lv\/en\/wp-json\/wp\/v2\/pages\/33"}],"collection":[{"href":"https:\/\/www.bizpro.lv\/en\/wp-json\/wp\/v2\/pages"}],"about":[{"href":"https:\/\/www.bizpro.lv\/en\/wp-json\/wp\/v2\/types\/page"}],"author":[{"embeddable":true,"href":"https:\/\/www.bizpro.lv\/en\/wp-json\/wp\/v2\/users\/1"}],"replies":[{"embeddable":true,"href":"https:\/\/www.bizpro.lv\/en\/wp-json\/wp\/v2\/comments?post=33"}],"version-history":[{"count":64,"href":"https:\/\/www.bizpro.lv\/en\/wp-json\/wp\/v2\/pages\/33\/revisions"}],"predecessor-version":[{"id":438,"href":"https:\/\/www.bizpro.lv\/en\/wp-json\/wp\/v2\/pages\/33\/revisions\/438"}],"wp:attachment":[{"href":"https:\/\/www.bizpro.lv\/en\/wp-json\/wp\/v2\/media?parent=33"}],"curies":[{"name":"wp","href":"https:\/\/api.w.org\/{rel}","templated":true}]}}